{"id":48,"date":"2017-04-09T12:58:03","date_gmt":"2017-04-09T10:58:03","guid":{"rendered":"https:\/\/sirena-diving.com\/?page_id=48"},"modified":"2017-05-27T13:52:49","modified_gmt":"2017-05-27T11:52:49","slug":"systemy-pomostowe","status":"publish","type":"page","link":"https:\/\/sirena-diving.com\/en\/produkty\/systemy-pomostowe\/","title":{"rendered":"Floating dock solutions"},"content":{"rendered":"<p><\/p>\n<h1>Floating dock solutions<\/h1>\n<p style=\"text-align: justify;\">selveco represent on polish market company PMS &#8211; some information about products and company PMS please see below.<\/p>\n<p style=\"text-align: justify;\">In 1993, PMS started commercial life as a manufacturer company in \u0130zmir \/ P\u0131narba\u015f\u0131 facilities to meet its current market needs by using Rotomolding \/ Rotational Molding technique which is not very common in our country. In 2003, PMS, which has 11.000 m2 closed and 20.000 m2 new facility in \u0130zmir \/ Kemalpa\u015fa, has expanded its production capacity and storage areas to reach the customer\u2019s needs more quickly.<br \/>\nWith the experience of 22 years of rotation manufacturing, Floating Scaffolding Systems, Floating Platforms Marina Pontoons. These products are grouped under registered trademarks according to their expertise. Knowing what is safe and secure on the sea, PMS is under the Marine Dock brand with its floating structures, solutions, projects and designs.<br \/>\nSince its inception, PMS, which aims to provide a high-quality and flexible service at a reasonable price to all its customers and business partners,<\/p>\n<p style=\"text-align: justify; padding-left: 120px;\">\u2013 The importance given to innovation and R &amp; D,<br \/>\n\u2013 Modern and technological production facilities,<br \/>\n\u2013 An understanding of quality open to improvement and continuous improvement,<br \/>\n\u2013 ISO 9001-2000 certification and<br \/>\n\u2013 It has become an integrated polyethylene processing center recognized in the world as a leader in Turkey with the emphasis on meeting and improving international standards.<\/p>\n<hr \/>\n<div class=\"row\">\n<div class=\"col-sm-5\">\n<p><img decoding=\"async\" loading=\"lazy\" class=\"aligncenter wp-image-640 size-full\" src=\"https:\/\/sirena-diving.com\/wp-content\/uploads\/2017\/04\/1-1.png\" alt=\"\" width=\"845\" height=\"513\" srcset=\"https:\/\/sirena-diving.com\/wp-content\/uploads\/2017\/04\/1-1.png 845w, https:\/\/sirena-diving.com\/wp-content\/uploads\/2017\/04\/1-1-300x182.png 300w, https:\/\/sirena-diving.com\/wp-content\/uploads\/2017\/04\/1-1-768x466.png 768w\" sizes=\"(max-width: 845px) 100vw, 845px\" \/><\/p>\n<\/div>\n<div class=\"col-sm-5\">\n<h2 style=\"text-align: center;\"><span style=\"color: #ff0000;\">Floating dock systems &#8211; sunny docks<\/span><\/h2>\n<p style=\"text-align: justify;\"><span lang=\"EN-US\">The Sunnydock modular sdocking system can be integrated into the existing scaffolding. Installation is easy and fast. The design can also be changed if requested. Our customers can build or demount their scaffolding for a short period of time.<\/span><\/p>\n<p style=\"text-align: justify;\"><span lang=\"EN-US\">Rotodock, produced with rotation technology, is a preferred product because of its modern appearance and environment friendliness. The parts used on the product completely remove rust in the water.<\/span><\/p>\n<\/div>\n<\/div>\n<hr \/>\n<div class=\"row\">\n<div class=\"col-sm-5\">\n<h2 style=\"text-align: center;\"><span style=\"color: #ff0000;\">JETSKI ports\u00a0&#8211;\u00a0BOAT lifts<\/span><\/h2>\n<p>PMS Dockmarine produces jet skis and boat platform products such as jetport, jetport max, jetport plus, boat lift and flexioport.<\/p>\n<\/div>\n<div class=\"col-sm-5\">\n<p><img decoding=\"async\" loading=\"lazy\" class=\"aligncenter wp-image-641\" src=\"https:\/\/sirena-diving.com\/wp-content\/uploads\/2017\/04\/5-1.png\" alt=\"\" width=\"845\" height=\"477\" srcset=\"https:\/\/sirena-diving.com\/wp-content\/uploads\/2017\/04\/5-1.png 881w, https:\/\/sirena-diving.com\/wp-content\/uploads\/2017\/04\/5-1-300x169.png 300w, https:\/\/sirena-diving.com\/wp-content\/uploads\/2017\/04\/5-1-768x433.png 768w\" sizes=\"(max-width: 845px) 100vw, 845px\" \/><\/p>\n<\/div>\n<\/div>\n<hr \/>\n<div class=\"row\">\n<div class=\"col-sm-5\">\n<p><img decoding=\"async\" loading=\"lazy\" class=\"aligncenter wp-image-642\" src=\"https:\/\/sirena-diving.com\/wp-content\/uploads\/2017\/04\/4-1.png\" alt=\"\" width=\"845\" height=\"543\" srcset=\"https:\/\/sirena-diving.com\/wp-content\/uploads\/2017\/04\/4-1.png 887w, https:\/\/sirena-diving.com\/wp-content\/uploads\/2017\/04\/4-1-300x193.png 300w, https:\/\/sirena-diving.com\/wp-content\/uploads\/2017\/04\/4-1-768x494.png 768w\" sizes=\"(max-width: 845px) 100vw, 845px\" \/><\/p>\n<\/div>\n<div class=\"col-sm-5\">\n<h2 style=\"text-align: center;\"><span style=\"color: #ff0000;\">Leisure items<\/span><\/h2>\n<p>PMS Dockmarine, polietilen kano, polietilen tekne ve polietilen deniz bisikleti gibi deniz ara\u00e7lar\u0131 imalatlar\u0131n\u0131 farkl\u0131 renk ve boyutlarda ger\u00e7ekle\u015ftirebilmektedir.<\/p>\n<\/div>\n<\/div>\n<hr \/>\n<div class=\"row\">\n<div class=\"col-sm-5\">\n<h2 style=\"text-align: center;\"><span style=\"color: #ff0000;\">Marines systems<\/span><\/h2>\n<\/div>\n<div class=\"col-sm-5\">\n<p><img decoding=\"async\" loading=\"lazy\" class=\"aligncenter wp-image-643\" src=\"https:\/\/sirena-diving.com\/wp-content\/uploads\/2017\/04\/DSC01454-1024x768.jpg\" alt=\"\" width=\"845\" height=\"634\" srcset=\"https:\/\/sirena-diving.com\/wp-content\/uploads\/2017\/04\/DSC01454.jpg 1024w, https:\/\/sirena-diving.com\/wp-content\/uploads\/2017\/04\/DSC01454-300x225.jpg 300w, https:\/\/sirena-diving.com\/wp-content\/uploads\/2017\/04\/DSC01454-768x576.jpg 768w\" sizes=\"(max-width: 845px) 100vw, 845px\" \/><\/p>\n<\/div>\n<\/div>\n<p><\/p>","protected":false},"excerpt":{"rendered":"<p>Floating dock solutions selveco represent on polish market company PMS &#8211; some information about products and company PMS please see below. In 1993, PMS started commercial life as a manufacturer company in \u0130zmir \/ P\u0131narba\u015f\u0131 facilities to meet its current market needs by using Rotomolding \/ Rotational Molding technique which is not very common in [&hellip;]<\/p>\n","protected":false},"author":2,"featured_media":0,"parent":66,"menu_order":0,"comment_status":"closed","ping_status":"closed","template":"template\/produkty.php","meta":[],"_links":{"self":[{"href":"https:\/\/sirena-diving.com\/en\/wp-json\/wp\/v2\/pages\/48"}],"collection":[{"href":"https:\/\/sirena-diving.com\/en\/wp-json\/wp\/v2\/pages"}],"about":[{"href":"https:\/\/sirena-diving.com\/en\/wp-json\/wp\/v2\/types\/page"}],"author":[{"embeddable":true,"href":"https:\/\/sirena-diving.com\/en\/wp-json\/wp\/v2\/users\/2"}],"replies":[{"embeddable":true,"href":"https:\/\/sirena-diving.com\/en\/wp-json\/wp\/v2\/comments?post=48"}],"version-history":[{"count":51,"href":"https:\/\/sirena-diving.com\/en\/wp-json\/wp\/v2\/pages\/48\/revisions"}],"predecessor-version":[{"id":835,"href":"https:\/\/sirena-diving.com\/en\/wp-json\/wp\/v2\/pages\/48\/revisions\/835"}],"up":[{"embeddable":true,"href":"https:\/\/sirena-diving.com\/en\/wp-json\/wp\/v2\/pages\/66"}],"wp:attachment":[{"href":"https:\/\/sirena-diving.com\/en\/wp-json\/wp\/v2\/media?parent=48"}],"curies":[{"name":"wp","href":"https:\/\/api.w.org\/{rel}","templated":true}]}}